{"id":3207,"date":"2021-05-10T05:19:59","date_gmt":"2021-05-10T05:19:59","guid":{"rendered":"https:\/\/gkeps.com.au\/datenschutzrichtlinie\/"},"modified":"2024-01-12T04:01:47","modified_gmt":"2024-01-12T04:01:47","slug":"datenschutzrichtlinie","status":"publish","type":"page","link":"https:\/\/gkeps.com.au\/de\/datenschutzrichtlinie\/","title":{"rendered":"Datenschutzrichtlinie"},"content":{"rendered":"\t\t<div data-elementor-type=\"wp-page\" data-elementor-id=\"3207\" class=\"elementor elementor-3207 elementor-434\" data-elementor-post-type=\"page\">\n\t\t\t\t\t\t<section class=\"elementor-section elementor-top-section elementor-element elementor-element-0d0edc5 elementor-section-boxed elementor-section-height-default elementor-section-height-default\" data-id=\"0d0edc5\" data-element_type=\"section\" data-e-type=\"section\">\n\t\t\t\t\t\t<div class=\"elementor-container elementor-column-gap-default\">\n\t\t\t\t\t<div class=\"elementor-column elementor-col-100 elementor-top-column elementor-element elementor-element-665e640\" data-id=\"665e640\" data-element_type=\"column\" data-e-type=\"column\">\n\t\t\t<div class=\"elementor-widget-wrap elementor-element-populated\">\n\t\t\t\t\t\t<div class=\"elementor-element elementor-element-1e5bd4e elementor-widget elementor-widget-heading\" data-id=\"1e5bd4e\" data-element_type=\"widget\" data-e-type=\"widget\" data-widget_type=\"heading.default\">\n\t\t\t\t<div class=\"elementor-widget-container\">\n\t\t\t\t\t<h2 class=\"elementor-heading-title elementor-size-default\">Datenschutzrichtlinie<\/h2>\t\t\t\t<\/div>\n\t\t\t\t<\/div>\n\t\t\t\t<div class=\"elementor-element elementor-element-a6ed802 elementor-widget elementor-widget-text-editor\" data-id=\"a6ed802\" data-element_type=\"widget\" data-e-type=\"widget\" data-widget_type=\"text-editor.default\">\n\t\t\t\t<div class=\"elementor-widget-container\">\n\t\t\t\t\t\t\t\t\t<p>Lorem Ipsum ist einfach ein Blindtext der Druck- und Satzindustrie. Lorem Ipsum ist seit den 1500er Jahren der Standard-Dummy-Text der Branche, als ein unbekannter Drucker eine Druckfahne nahm und sie zu einem Musterbuch f\u00fcr Lettern verarbeitete. Sie hat nicht nur f\u00fcnf Jahrhunderte, sondern auch den Sprung in den elektronischen Satz \u00fcberlebt und ist im Wesentlichen unver\u00e4ndert geblieben. Es wurde in den 1960er Jahren mit der Ver\u00f6ffentlichung von Letraset-Bl\u00e4ttern mit Lorem Ipsum-Passagen und in j\u00fcngerer Zeit mit Desktop-Publishing-Software wie Aldus PageMaker popul\u00e4r, die Versionen von Lorem Ipsum enthielt.<\/p>\n<p><strong>Lorem Ipsum<\/strong> ist einfach ein Blindtext der Druck- und Satzindustrie. Lorem Ipsum ist seit den 1500er Jahren der Standard-Dummy-Text der Branche, als ein unbekannter Drucker eine Druckfahne nahm und sie zu einem Musterbuch f\u00fcr Lettern verarbeitete. Sie hat nicht nur f\u00fcnf Jahrhunderte, sondern auch den Sprung in den elektronischen Satz \u00fcberlebt und ist im Wesentlichen unver\u00e4ndert geblieben. Es wurde in den 1960er Jahren mit der Ver\u00f6ffentlichung von Letraset-Bl\u00e4ttern mit Lorem Ipsum-Passagen und in j\u00fcngerer Zeit mit Desktop-Publishing-Software wie Aldus PageMaker popul\u00e4r, die Versionen von Lorem Ipsum enthielt.<\/p>\n<p><strong>Lorem Ipsum<\/strong> ist einfach ein Blindtext der Druck- und Satzindustrie. Lorem Ipsum ist seit den 1500er Jahren der Standard-Dummy-Text der Branche, als ein unbekannter Drucker eine Druckfahne nahm und sie zu einem Musterbuch f\u00fcr Lettern verarbeitete. Sie hat nicht nur f\u00fcnf Jahrhunderte, sondern auch den Sprung in den elektronischen Satz \u00fcberlebt und ist im Wesentlichen unver\u00e4ndert geblieben. Es wurde in den 1960er Jahren mit der Ver\u00f6ffentlichung von Letraset-Bl\u00e4ttern mit Lorem Ipsum-Passagen und in j\u00fcngerer Zeit mit Desktop-Publishing-Software wie Aldus PageMaker popul\u00e4r, die Versionen von Lorem Ipsum enthielt.<\/p>\n\t\t\t\t\t\t\t\t<\/div>\n\t\t\t\t<\/div>\n\t\t\t\t\t<\/div>\n\t\t<\/div>\n\t\t\t\t\t<\/div>\n\t\t<\/section>\n\t\t\t\t<\/div>\n\t\t","protected":false},"excerpt":{"rendered":"<p>Datenschutzrichtlinie Lorem Ipsum ist einfach ein Blindtext der Druck- und Satzindustrie. Lorem Ipsum ist seit den 1500er Jahren der Standard-Dummy-Text der Branche, als ein unbekannter Drucker eine Druckfahne nahm und sie zu einem Musterbuch f\u00fcr Lettern verarbeitete. Sie hat nicht nur f\u00fcnf Jahrhunderte, sondern auch den Sprung in den elektronischen Satz \u00fcberlebt und ist im [&hellip;]<\/p>\n","protected":false},"author":2,"featured_media":0,"parent":0,"menu_order":0,"comment_status":"closed","ping_status":"closed","template":"","meta":{"_acf_changed":false,"footnotes":""},"class_list":["post-3207","page","type-page","status-publish","hentry"],"acf":[],"yoast_head":"<!-- This site is optimized with the Yoast SEO plugin v27.3 - https:\/\/yoast.com\/product\/yoast-seo-wordpress\/ -->\n<title>Datenschutzrichtlinie - GKEPS<\/title>\n<meta name=\"description\" content=\"Welche personenbezogenen Daten wir erheben und warum wir sie erheben\" \/>\n<meta name=\"robots\" content=\"index, follow, max-snippet:-1, max-image-preview:large, max-video-preview:-1\" \/>\n<link rel=\"canonical\" href=\"https:\/\/gkeps.com.au\/de\/datenschutzrichtlinie\/\" \/>\n<meta property=\"og:locale\" content=\"de_DE\" \/>\n<meta property=\"og:type\" content=\"article\" \/>\n<meta property=\"og:title\" content=\"Datenschutzrichtlinie - GKEPS\" \/>\n<meta property=\"og:description\" content=\"Welche personenbezogenen Daten wir erheben und warum wir sie erheben\" \/>\n<meta property=\"og:url\" content=\"https:\/\/gkeps.com.au\/de\/datenschutzrichtlinie\/\" \/>\n<meta property=\"og:site_name\" content=\"GKEPS\" \/>\n<meta property=\"article:modified_time\" content=\"2024-01-12T04:01:47+00:00\" \/>\n<meta name=\"twitter:card\" content=\"summary_large_image\" \/>\n<meta name=\"twitter:label1\" content=\"Gesch\u00e4tzte Lesezeit\" \/>\n\t<meta name=\"twitter:data1\" content=\"1 Minute\" \/>\n<script type=\"application\/ld+json\" class=\"yoast-schema-graph\">{\"@context\":\"https:\\\/\\\/schema.org\",\"@graph\":[{\"@type\":\"WebPage\",\"@id\":\"https:\\\/\\\/gkeps.com.au\\\/de\\\/datenschutzrichtlinie\\\/\",\"url\":\"https:\\\/\\\/gkeps.com.au\\\/de\\\/datenschutzrichtlinie\\\/\",\"name\":\"Datenschutzrichtlinie - GKEPS\",\"isPartOf\":{\"@id\":\"https:\\\/\\\/gkeps.com.au\\\/#website\"},\"datePublished\":\"2021-05-10T05:19:59+00:00\",\"dateModified\":\"2024-01-12T04:01:47+00:00\",\"description\":\"Welche personenbezogenen Daten wir erheben und warum wir sie erheben\",\"breadcrumb\":{\"@id\":\"https:\\\/\\\/gkeps.com.au\\\/de\\\/datenschutzrichtlinie\\\/#breadcrumb\"},\"inLanguage\":\"de-DE\",\"potentialAction\":[{\"@type\":\"ReadAction\",\"target\":[\"https:\\\/\\\/gkeps.com.au\\\/de\\\/datenschutzrichtlinie\\\/\"]}]},{\"@type\":\"BreadcrumbList\",\"@id\":\"https:\\\/\\\/gkeps.com.au\\\/de\\\/datenschutzrichtlinie\\\/#breadcrumb\",\"itemListElement\":[{\"@type\":\"ListItem\",\"position\":1,\"name\":\"Home\",\"item\":\"https:\\\/\\\/gkeps.com.au\\\/\"},{\"@type\":\"ListItem\",\"position\":2,\"name\":\"Datenschutzrichtlinie\"}]},{\"@type\":\"WebSite\",\"@id\":\"https:\\\/\\\/gkeps.com.au\\\/#website\",\"url\":\"https:\\\/\\\/gkeps.com.au\\\/\",\"name\":\"GKEPS\",\"description\":\"\",\"publisher\":{\"@id\":\"https:\\\/\\\/gkeps.com.au\\\/#organization\"},\"potentialAction\":[{\"@type\":\"SearchAction\",\"target\":{\"@type\":\"EntryPoint\",\"urlTemplate\":\"https:\\\/\\\/gkeps.com.au\\\/?s={search_term_string}\"},\"query-input\":{\"@type\":\"PropertyValueSpecification\",\"valueRequired\":true,\"valueName\":\"search_term_string\"}}],\"inLanguage\":\"de-DE\"},{\"@type\":\"Organization\",\"@id\":\"https:\\\/\\\/gkeps.com.au\\\/#organization\",\"name\":\"GKEPS\",\"url\":\"https:\\\/\\\/gkeps.com.au\\\/\",\"logo\":{\"@type\":\"ImageObject\",\"inLanguage\":\"de-DE\",\"@id\":\"https:\\\/\\\/gkeps.com.au\\\/#\\\/schema\\\/logo\\\/image\\\/\",\"url\":\"https:\\\/\\\/gkeps.com.au\\\/wp-content\\\/uploads\\\/2022\\\/03\\\/gkeps-logo.png\",\"contentUrl\":\"https:\\\/\\\/gkeps.com.au\\\/wp-content\\\/uploads\\\/2022\\\/03\\\/gkeps-logo.png\",\"width\":189,\"height\":55,\"caption\":\"GKEPS\"},\"image\":{\"@id\":\"https:\\\/\\\/gkeps.com.au\\\/#\\\/schema\\\/logo\\\/image\\\/\"}}]}<\/script>\n<!-- \/ Yoast SEO plugin. -->","yoast_head_json":{"title":"Datenschutzrichtlinie - GKEPS","description":"Welche personenbezogenen Daten wir erheben und warum wir sie erheben","robots":{"index":"index","follow":"follow","max-snippet":"max-snippet:-1","max-image-preview":"max-image-preview:large","max-video-preview":"max-video-preview:-1"},"canonical":"https:\/\/gkeps.com.au\/de\/datenschutzrichtlinie\/","og_locale":"de_DE","og_type":"article","og_title":"Datenschutzrichtlinie - GKEPS","og_description":"Welche personenbezogenen Daten wir erheben und warum wir sie erheben","og_url":"https:\/\/gkeps.com.au\/de\/datenschutzrichtlinie\/","og_site_name":"GKEPS","article_modified_time":"2024-01-12T04:01:47+00:00","twitter_card":"summary_large_image","twitter_misc":{"Gesch\u00e4tzte Lesezeit":"1 Minute"},"schema":{"@context":"https:\/\/schema.org","@graph":[{"@type":"WebPage","@id":"https:\/\/gkeps.com.au\/de\/datenschutzrichtlinie\/","url":"https:\/\/gkeps.com.au\/de\/datenschutzrichtlinie\/","name":"Datenschutzrichtlinie - GKEPS","isPartOf":{"@id":"https:\/\/gkeps.com.au\/#website"},"datePublished":"2021-05-10T05:19:59+00:00","dateModified":"2024-01-12T04:01:47+00:00","description":"Welche personenbezogenen Daten wir erheben und warum wir sie erheben","breadcrumb":{"@id":"https:\/\/gkeps.com.au\/de\/datenschutzrichtlinie\/#breadcrumb"},"inLanguage":"de-DE","potentialAction":[{"@type":"ReadAction","target":["https:\/\/gkeps.com.au\/de\/datenschutzrichtlinie\/"]}]},{"@type":"BreadcrumbList","@id":"https:\/\/gkeps.com.au\/de\/datenschutzrichtlinie\/#breadcrumb","itemListElement":[{"@type":"ListItem","position":1,"name":"Home","item":"https:\/\/gkeps.com.au\/"},{"@type":"ListItem","position":2,"name":"Datenschutzrichtlinie"}]},{"@type":"WebSite","@id":"https:\/\/gkeps.com.au\/#website","url":"https:\/\/gkeps.com.au\/","name":"GKEPS","description":"","publisher":{"@id":"https:\/\/gkeps.com.au\/#organization"},"potentialAction":[{"@type":"SearchAction","target":{"@type":"EntryPoint","urlTemplate":"https:\/\/gkeps.com.au\/?s={search_term_string}"},"query-input":{"@type":"PropertyValueSpecification","valueRequired":true,"valueName":"search_term_string"}}],"inLanguage":"de-DE"},{"@type":"Organization","@id":"https:\/\/gkeps.com.au\/#organization","name":"GKEPS","url":"https:\/\/gkeps.com.au\/","logo":{"@type":"ImageObject","inLanguage":"de-DE","@id":"https:\/\/gkeps.com.au\/#\/schema\/logo\/image\/","url":"https:\/\/gkeps.com.au\/wp-content\/uploads\/2022\/03\/gkeps-logo.png","contentUrl":"https:\/\/gkeps.com.au\/wp-content\/uploads\/2022\/03\/gkeps-logo.png","width":189,"height":55,"caption":"GKEPS"},"image":{"@id":"https:\/\/gkeps.com.au\/#\/schema\/logo\/image\/"}}]}},"featured_image_src":"","featured_image_src_square":false,"rbea_author_info":{"display_name":"dev_admin","author_link":"https:\/\/gkeps.com.au\/de\/author\/dev_admin\/"},"rbea_excerpt_info":"Datenschutzrichtlinie Lorem Ipsum ist einfach ein Blindtext der Druck- und Satzindustrie. Lorem Ipsum ist seit den 1500er Jahren der Standard-Dummy-Text der Branche, als ein unbekannter Drucker eine Druckfahne nahm und sie zu einem Musterbuch f\u00fcr Lettern verarbeitete. Sie hat nicht nur f\u00fcnf Jahrhunderte, sondern auch den Sprung in den elektronischen Satz \u00fcberlebt und ist im [&hellip;]","_links":{"self":[{"href":"https:\/\/gkeps.com.au\/de\/wp-json\/wp\/v2\/pages\/3207","targetHints":{"allow":["GET"]}}],"collection":[{"href":"https:\/\/gkeps.com.au\/de\/wp-json\/wp\/v2\/pages"}],"about":[{"href":"https:\/\/gkeps.com.au\/de\/wp-json\/wp\/v2\/types\/page"}],"author":[{"embeddable":true,"href":"https:\/\/gkeps.com.au\/de\/wp-json\/wp\/v2\/users\/2"}],"replies":[{"embeddable":true,"href":"https:\/\/gkeps.com.au\/de\/wp-json\/wp\/v2\/comments?post=3207"}],"version-history":[{"count":0,"href":"https:\/\/gkeps.com.au\/de\/wp-json\/wp\/v2\/pages\/3207\/revisions"}],"wp:attachment":[{"href":"https:\/\/gkeps.com.au\/de\/wp-json\/wp\/v2\/media?parent=3207"}],"curies":[{"name":"wp","href":"https:\/\/api.w.org\/{rel}","templated":true}]}}