{"id":3162,"date":"2021-05-10T05:19:59","date_gmt":"2021-05-10T05:19:59","guid":{"rendered":"https:\/\/gkeps.com.au\/politique-de-confidentialite\/"},"modified":"2024-01-12T00:54:06","modified_gmt":"2024-01-12T00:54:06","slug":"politique-de-confidentialite","status":"publish","type":"page","link":"https:\/\/gkeps.com.au\/fr\/politique-de-confidentialite\/","title":{"rendered":"Politique de confidentialit\u00e9"},"content":{"rendered":"\t\t<div data-elementor-type=\"wp-page\" data-elementor-id=\"3162\" class=\"elementor elementor-3162 elementor-434\" data-elementor-post-type=\"page\">\n\t\t\t\t\t\t<section class=\"elementor-section elementor-top-section elementor-element elementor-element-0d0edc5 elementor-section-boxed elementor-section-height-default elementor-section-height-default\" data-id=\"0d0edc5\" data-element_type=\"section\" data-e-type=\"section\">\n\t\t\t\t\t\t<div class=\"elementor-container elementor-column-gap-default\">\n\t\t\t\t\t<div class=\"elementor-column elementor-col-100 elementor-top-column elementor-element elementor-element-665e640\" data-id=\"665e640\" data-element_type=\"column\" data-e-type=\"column\">\n\t\t\t<div class=\"elementor-widget-wrap elementor-element-populated\">\n\t\t\t\t\t\t<div class=\"elementor-element elementor-element-1e5bd4e elementor-widget elementor-widget-heading\" data-id=\"1e5bd4e\" data-element_type=\"widget\" data-e-type=\"widget\" data-widget_type=\"heading.default\">\n\t\t\t\t<div class=\"elementor-widget-container\">\n\t\t\t\t\t<h2 class=\"elementor-heading-title elementor-size-default\">Politique de confidentialit\u00e9<\/h2>\t\t\t\t<\/div>\n\t\t\t\t<\/div>\n\t\t\t\t<div class=\"elementor-element elementor-element-a6ed802 elementor-widget elementor-widget-text-editor\" data-id=\"a6ed802\" data-element_type=\"widget\" data-e-type=\"widget\" data-widget_type=\"text-editor.default\">\n\t\t\t\t<div class=\"elementor-widget-container\">\n\t\t\t\t\t\t\t\t\t<p>Lorem Ipsum n\u2019est rien d\u2019autre qu\u2019un texte factice de l\u2019industrie de l\u2019imprimerie et de la composition. Lorem Ipsum est le texte factice standard de l\u2019industrie depuis les ann\u00e9es 1500, lorsqu\u2019un imprimeur inconnu a pris une gal\u00e8re de caract\u00e8res et l\u2019a brouill\u00e9e pour en faire un livre de sp\u00e9cimens de caract\u00e8res. Il a surv\u00e9cu non seulement \u00e0 cinq si\u00e8cles, mais aussi au saut dans la composition \u00e9lectronique, restant essentiellement inchang\u00e9. Il a \u00e9t\u00e9 popularis\u00e9 dans les ann\u00e9es 1960 avec la publication de feuilles Letraset contenant des passages de Lorem Ipsum, et plus r\u00e9cemment avec des logiciels de publication assist\u00e9e par ordinateur comme Aldus PageMaker, y compris des versions de Lorem Ipsum.<\/p>\n<p><strong>Lorem Ipsum<\/strong> n\u2019est rien d\u2019autre qu\u2019un texte factice de l\u2019industrie de l\u2019imprimerie et de la composition. Lorem Ipsum est le texte factice standard de l\u2019industrie depuis les ann\u00e9es 1500, lorsqu\u2019un imprimeur inconnu a pris une gal\u00e8re de caract\u00e8res et l\u2019a brouill\u00e9e pour en faire un livre de sp\u00e9cimens de caract\u00e8res. Il a surv\u00e9cu non seulement \u00e0 cinq si\u00e8cles, mais aussi au saut dans la composition \u00e9lectronique, restant essentiellement inchang\u00e9. Il a \u00e9t\u00e9 popularis\u00e9 dans les ann\u00e9es 1960 avec la publication de feuilles Letraset contenant des passages de Lorem Ipsum, et plus r\u00e9cemment avec des logiciels de publication assist\u00e9e par ordinateur comme Aldus PageMaker, y compris des versions de Lorem Ipsum.<\/p>\n<p><strong>Lorem Ipsum<\/strong> n\u2019est rien d\u2019autre qu\u2019un texte factice de l\u2019industrie de l\u2019imprimerie et de la composition. Lorem Ipsum est le texte factice standard de l\u2019industrie depuis les ann\u00e9es 1500, lorsqu\u2019un imprimeur inconnu a pris une gal\u00e8re de caract\u00e8res et l\u2019a brouill\u00e9e pour en faire un livre de sp\u00e9cimens de caract\u00e8res. Il a surv\u00e9cu non seulement \u00e0 cinq si\u00e8cles, mais aussi au saut dans la composition \u00e9lectronique, restant essentiellement inchang\u00e9. Il a \u00e9t\u00e9 popularis\u00e9 dans les ann\u00e9es 1960 avec la publication de feuilles Letraset contenant des passages de Lorem Ipsum, et plus r\u00e9cemment avec des logiciels de publication assist\u00e9e par ordinateur comme Aldus PageMaker, y compris des versions de Lorem Ipsum.<\/p>\n\t\t\t\t\t\t\t\t<\/div>\n\t\t\t\t<\/div>\n\t\t\t\t\t<\/div>\n\t\t<\/div>\n\t\t\t\t\t<\/div>\n\t\t<\/section>\n\t\t\t\t<\/div>\n\t\t","protected":false},"excerpt":{"rendered":"<p>Politique de confidentialit\u00e9 Lorem Ipsum n\u2019est rien d\u2019autre qu\u2019un texte factice de l\u2019industrie de l\u2019imprimerie et de la composition. Lorem Ipsum est le texte factice standard de l\u2019industrie depuis les ann\u00e9es 1500, lorsqu\u2019un imprimeur inconnu a pris une gal\u00e8re de caract\u00e8res et l\u2019a brouill\u00e9e pour en faire un livre de sp\u00e9cimens de caract\u00e8res. Il a [&hellip;]<\/p>\n","protected":false},"author":2,"featured_media":0,"parent":0,"menu_order":0,"comment_status":"closed","ping_status":"closed","template":"","meta":{"_acf_changed":false,"footnotes":""},"class_list":["post-3162","page","type-page","status-publish","hentry"],"acf":[],"yoast_head":"<!-- This site is optimized with the Yoast SEO plugin v27.5 - https:\/\/yoast.com\/product\/yoast-seo-wordpress\/ -->\n<title>Politique de confidentialit\u00e9 - GKEPS<\/title>\n<meta name=\"description\" content=\"Quelles sont les donn\u00e9es personnelles que nous collectons et pourquoi nous les collectons ?\" \/>\n<meta name=\"robots\" content=\"index, follow, max-snippet:-1, max-image-preview:large, max-video-preview:-1\" \/>\n<link rel=\"canonical\" href=\"https:\/\/gkeps.com.au\/fr\/politique-de-confidentialite\/\" \/>\n<meta property=\"og:locale\" content=\"fr_FR\" \/>\n<meta property=\"og:type\" content=\"article\" \/>\n<meta property=\"og:title\" content=\"Politique de confidentialit\u00e9 - GKEPS\" \/>\n<meta property=\"og:description\" content=\"Quelles sont les donn\u00e9es personnelles que nous collectons et pourquoi nous les collectons ?\" \/>\n<meta property=\"og:url\" content=\"https:\/\/gkeps.com.au\/fr\/politique-de-confidentialite\/\" \/>\n<meta property=\"og:site_name\" content=\"GKEPS\" \/>\n<meta property=\"article:modified_time\" content=\"2024-01-12T00:54:06+00:00\" \/>\n<meta name=\"twitter:card\" content=\"summary_large_image\" \/>\n<meta name=\"twitter:label1\" content=\"Dur\u00e9e de lecture estim\u00e9e\" \/>\n\t<meta name=\"twitter:data1\" content=\"2 minutes\" \/>\n<script type=\"application\/ld+json\" class=\"yoast-schema-graph\">{\"@context\":\"https:\\\/\\\/schema.org\",\"@graph\":[{\"@type\":\"WebPage\",\"@id\":\"https:\\\/\\\/gkeps.com.au\\\/fr\\\/politique-de-confidentialite\\\/\",\"url\":\"https:\\\/\\\/gkeps.com.au\\\/fr\\\/politique-de-confidentialite\\\/\",\"name\":\"Politique de confidentialit\u00e9 - GKEPS\",\"isPartOf\":{\"@id\":\"https:\\\/\\\/gkeps.com.au\\\/#website\"},\"datePublished\":\"2021-05-10T05:19:59+00:00\",\"dateModified\":\"2024-01-12T00:54:06+00:00\",\"description\":\"Quelles sont les donn\u00e9es personnelles que nous collectons et pourquoi nous les collectons ?\",\"breadcrumb\":{\"@id\":\"https:\\\/\\\/gkeps.com.au\\\/fr\\\/politique-de-confidentialite\\\/#breadcrumb\"},\"inLanguage\":\"fr-FR\",\"potentialAction\":[{\"@type\":\"ReadAction\",\"target\":[\"https:\\\/\\\/gkeps.com.au\\\/fr\\\/politique-de-confidentialite\\\/\"]}]},{\"@type\":\"BreadcrumbList\",\"@id\":\"https:\\\/\\\/gkeps.com.au\\\/fr\\\/politique-de-confidentialite\\\/#breadcrumb\",\"itemListElement\":[{\"@type\":\"ListItem\",\"position\":1,\"name\":\"Home\",\"item\":\"https:\\\/\\\/gkeps.com.au\\\/\"},{\"@type\":\"ListItem\",\"position\":2,\"name\":\"Politique de confidentialit\u00e9\"}]},{\"@type\":\"WebSite\",\"@id\":\"https:\\\/\\\/gkeps.com.au\\\/#website\",\"url\":\"https:\\\/\\\/gkeps.com.au\\\/\",\"name\":\"GKEPS\",\"description\":\"\",\"publisher\":{\"@id\":\"https:\\\/\\\/gkeps.com.au\\\/#organization\"},\"potentialAction\":[{\"@type\":\"SearchAction\",\"target\":{\"@type\":\"EntryPoint\",\"urlTemplate\":\"https:\\\/\\\/gkeps.com.au\\\/?s={search_term_string}\"},\"query-input\":{\"@type\":\"PropertyValueSpecification\",\"valueRequired\":true,\"valueName\":\"search_term_string\"}}],\"inLanguage\":\"fr-FR\"},{\"@type\":\"Organization\",\"@id\":\"https:\\\/\\\/gkeps.com.au\\\/#organization\",\"name\":\"GKEPS\",\"url\":\"https:\\\/\\\/gkeps.com.au\\\/\",\"logo\":{\"@type\":\"ImageObject\",\"inLanguage\":\"fr-FR\",\"@id\":\"https:\\\/\\\/gkeps.com.au\\\/#\\\/schema\\\/logo\\\/image\\\/\",\"url\":\"https:\\\/\\\/gkeps.com.au\\\/wp-content\\\/uploads\\\/2022\\\/03\\\/gkeps-logo.png\",\"contentUrl\":\"https:\\\/\\\/gkeps.com.au\\\/wp-content\\\/uploads\\\/2022\\\/03\\\/gkeps-logo.png\",\"width\":189,\"height\":55,\"caption\":\"GKEPS\"},\"image\":{\"@id\":\"https:\\\/\\\/gkeps.com.au\\\/#\\\/schema\\\/logo\\\/image\\\/\"}}]}<\/script>\n<!-- \/ Yoast SEO plugin. -->","yoast_head_json":{"title":"Politique de confidentialit\u00e9 - GKEPS","description":"Quelles sont les donn\u00e9es personnelles que nous collectons et pourquoi nous les collectons ?","robots":{"index":"index","follow":"follow","max-snippet":"max-snippet:-1","max-image-preview":"max-image-preview:large","max-video-preview":"max-video-preview:-1"},"canonical":"https:\/\/gkeps.com.au\/fr\/politique-de-confidentialite\/","og_locale":"fr_FR","og_type":"article","og_title":"Politique de confidentialit\u00e9 - GKEPS","og_description":"Quelles sont les donn\u00e9es personnelles que nous collectons et pourquoi nous les collectons ?","og_url":"https:\/\/gkeps.com.au\/fr\/politique-de-confidentialite\/","og_site_name":"GKEPS","article_modified_time":"2024-01-12T00:54:06+00:00","twitter_card":"summary_large_image","twitter_misc":{"Dur\u00e9e de lecture estim\u00e9e":"2 minutes"},"schema":{"@context":"https:\/\/schema.org","@graph":[{"@type":"WebPage","@id":"https:\/\/gkeps.com.au\/fr\/politique-de-confidentialite\/","url":"https:\/\/gkeps.com.au\/fr\/politique-de-confidentialite\/","name":"Politique de confidentialit\u00e9 - GKEPS","isPartOf":{"@id":"https:\/\/gkeps.com.au\/#website"},"datePublished":"2021-05-10T05:19:59+00:00","dateModified":"2024-01-12T00:54:06+00:00","description":"Quelles sont les donn\u00e9es personnelles que nous collectons et pourquoi nous les collectons ?","breadcrumb":{"@id":"https:\/\/gkeps.com.au\/fr\/politique-de-confidentialite\/#breadcrumb"},"inLanguage":"fr-FR","potentialAction":[{"@type":"ReadAction","target":["https:\/\/gkeps.com.au\/fr\/politique-de-confidentialite\/"]}]},{"@type":"BreadcrumbList","@id":"https:\/\/gkeps.com.au\/fr\/politique-de-confidentialite\/#breadcrumb","itemListElement":[{"@type":"ListItem","position":1,"name":"Home","item":"https:\/\/gkeps.com.au\/"},{"@type":"ListItem","position":2,"name":"Politique de confidentialit\u00e9"}]},{"@type":"WebSite","@id":"https:\/\/gkeps.com.au\/#website","url":"https:\/\/gkeps.com.au\/","name":"GKEPS","description":"","publisher":{"@id":"https:\/\/gkeps.com.au\/#organization"},"potentialAction":[{"@type":"SearchAction","target":{"@type":"EntryPoint","urlTemplate":"https:\/\/gkeps.com.au\/?s={search_term_string}"},"query-input":{"@type":"PropertyValueSpecification","valueRequired":true,"valueName":"search_term_string"}}],"inLanguage":"fr-FR"},{"@type":"Organization","@id":"https:\/\/gkeps.com.au\/#organization","name":"GKEPS","url":"https:\/\/gkeps.com.au\/","logo":{"@type":"ImageObject","inLanguage":"fr-FR","@id":"https:\/\/gkeps.com.au\/#\/schema\/logo\/image\/","url":"https:\/\/gkeps.com.au\/wp-content\/uploads\/2022\/03\/gkeps-logo.png","contentUrl":"https:\/\/gkeps.com.au\/wp-content\/uploads\/2022\/03\/gkeps-logo.png","width":189,"height":55,"caption":"GKEPS"},"image":{"@id":"https:\/\/gkeps.com.au\/#\/schema\/logo\/image\/"}}]}},"featured_image_src":"","featured_image_src_square":false,"rbea_author_info":{"display_name":"dev_admin","author_link":"https:\/\/gkeps.com.au\/fr\/author\/dev_admin\/"},"rbea_excerpt_info":"Politique de confidentialit\u00e9 Lorem Ipsum n\u2019est rien d\u2019autre qu\u2019un texte factice de l\u2019industrie de l\u2019imprimerie et de la composition. Lorem Ipsum est le texte factice standard de l\u2019industrie depuis les ann\u00e9es 1500, lorsqu\u2019un imprimeur inconnu a pris une gal\u00e8re de caract\u00e8res et l\u2019a brouill\u00e9e pour en faire un livre de sp\u00e9cimens de caract\u00e8res. Il a [&hellip;]","_links":{"self":[{"href":"https:\/\/gkeps.com.au\/fr\/wp-json\/wp\/v2\/pages\/3162","targetHints":{"allow":["GET"]}}],"collection":[{"href":"https:\/\/gkeps.com.au\/fr\/wp-json\/wp\/v2\/pages"}],"about":[{"href":"https:\/\/gkeps.com.au\/fr\/wp-json\/wp\/v2\/types\/page"}],"author":[{"embeddable":true,"href":"https:\/\/gkeps.com.au\/fr\/wp-json\/wp\/v2\/users\/2"}],"replies":[{"embeddable":true,"href":"https:\/\/gkeps.com.au\/fr\/wp-json\/wp\/v2\/comments?post=3162"}],"version-history":[{"count":0,"href":"https:\/\/gkeps.com.au\/fr\/wp-json\/wp\/v2\/pages\/3162\/revisions"}],"wp:attachment":[{"href":"https:\/\/gkeps.com.au\/fr\/wp-json\/wp\/v2\/media?parent=3162"}],"curies":[{"name":"wp","href":"https:\/\/api.w.org\/{rel}","templated":true}]}}